{"id":2341,"date":"2026-03-12T09:04:33","date_gmt":"2026-03-12T09:04:33","guid":{"rendered":"https:\/\/radcon.plavipixel.dev\/?page_id=2341"},"modified":"2026-04-14T10:13:24","modified_gmt":"2026-04-14T10:13:24","slug":"podzemne-reaktivne-membrane","status":"publish","type":"page","link":"https:\/\/radcon.plavipixel.dev\/en\/podzemne-reaktivne-membrane\/","title":{"rendered":"Underground reactive membranes"},"content":{"rendered":"<section class=\"bde-section-2341-100 bde-section\">\n  \n  \n\t\n\n\n\n<div class=\"section-container\"><div class=\"bde-div-2341-101 bde-div\">\n  \n  \n\t\n\n\n\n<h1 class=\"bde-heading-2341-102 bde-heading\">\nUnderground reactive membranes\n<\/h1>\n<\/div><div class=\"bde-post-loop-2341-104 bde-post-loop\"><div class=\"bde-loop bde-loop-grid ee-posts ee-posts-grid\">    <article class=\"bde-loop-item ee-post\">\n        <a class=\"bde-container-link-76-105-79-76-1 bde-container-link bde-container-link-76-105 breakdance-link\" href=\"https:\/\/radcon.plavipixel.dev\/en\/products\/radcon-formula-7\/\" target=\"_self\" data-type=\"url\">\n  \n  \n\t\n\n\n\n<div class=\"bde-div-76-100-79-76-1 bde-div bde-div-76-100\">\n  \n  \n\t\n\n\n\n<div class=\"bde-div-76-102-79-76-1 bde-div bde-div-76-102\">\n  \n  \n\t\n\n\n\n<h3 class=\"bde-heading-76-103-79-76-1 bde-heading bde-heading-76-103\">\nRadcon formula #7\n<\/h3><div class=\"bde-text-76-109-79-76-1 bde-text bde-text-76-109\">\nNapredni sustav koji trajno prodire u strukturu betona i nudi do\u017eivotnu za\u0161titu aktivnim zatvaranjem pukotina do 2.0 mm.\n<\/div>\n<\/div><div class=\"bde-button-76-106-79-76-1 bde-button bde-button-76-106\">\n    \n                        \n                        \n    \n    \n    \n    \n            \n                    \n            \n            \n\n    \n    \n    \n    \n    \n    <a class=\"breakdance-link button-atom button-atom--text bde-button__button\" href=\"https:\/\/radcon.plavipixel.dev\/en\/products\/radcon-formula-7\/\" target=\"_self\" data-type=\"url\"  >\n\n    \n        <span class=\"button-atom__text\">Learn more<\/span>\n\n        \n        \n                <\/a>\n\n    \n\n\n<\/div><img decoding=\"async\" class=\"bde-image2-76-107-79-76-1 bde-image2 bde-image2-76-107\" src=\"https:\/\/radcon.plavipixel.dev\/wp-content\/uploads\/2026\/01\/radcon-graphic-element.svg\" loading=\"lazy\">\n<\/div>\n\n<\/a>    <\/article>\n    <article class=\"bde-loop-item ee-post\">\n        <a class=\"bde-container-link-76-105-95-76-1 bde-container-link bde-container-link-76-105 breakdance-link\" href=\"https:\/\/radcon.plavipixel.dev\/en\/products\/radmyx\/\" target=\"_self\" data-type=\"url\">\n  \n  \n\t\n\n\n\n<div class=\"bde-div-76-100-95-76-1 bde-div bde-div-76-100\">\n  \n  \n\t\n\n\n\n<div class=\"bde-div-76-102-95-76-1 bde-div bde-div-76-102\">\n  \n  \n\t\n\n\n\n<h3 class=\"bde-heading-76-103-95-76-1 bde-heading bde-heading-76-103\">\nRadmyx\n<\/h3><div class=\"bde-text-76-109-95-76-1 bde-text bde-text-76-109\">\nKoncentrirani kapilarni sustav koji kemijskom reakcijom stvara kristalnu strukturu unutar betona, osiguravaju\u0107i potpunu nepropusnost pod visokim hidrostatskim tlakom.\n<\/div>\n<\/div><div class=\"bde-button-76-106-95-76-1 bde-button bde-button-76-106\">\n    \n                        \n                        \n    \n    \n    \n    \n            \n                    \n            \n            \n\n    \n    \n    \n    \n    \n    <a class=\"breakdance-link button-atom button-atom--text bde-button__button\" href=\"https:\/\/radcon.plavipixel.dev\/en\/products\/radmyx\/\" target=\"_self\" data-type=\"url\"  >\n\n    \n        <span class=\"button-atom__text\">Learn more<\/span>\n\n        \n        \n                <\/a>\n\n    \n\n\n<\/div><img decoding=\"async\" class=\"bde-image2-76-107-95-76-1 bde-image2 bde-image2-76-107\" src=\"https:\/\/radcon.plavipixel.dev\/wp-content\/uploads\/2026\/01\/radcon-graphic-element.svg\" loading=\"lazy\">\n<\/div>\n\n<\/a>    <\/article>\n    <article class=\"bde-loop-item ee-post\">\n        <a class=\"bde-container-link-76-105-118-76-1 bde-container-link bde-container-link-76-105 breakdance-link\" href=\"https:\/\/radcon.plavipixel.dev\/en\/products\/cemflex-vb-limovi-za-spojeve\/\" target=\"_self\" data-type=\"url\">\n  \n  \n\t\n\n\n\n<div class=\"bde-div-76-100-118-76-1 bde-div bde-div-76-100\">\n  \n  \n\t\n\n\n\n<div class=\"bde-div-76-102-118-76-1 bde-div bde-div-76-102\">\n  \n  \n\t\n\n\n\n<h3 class=\"bde-heading-76-103-118-76-1 bde-heading bde-heading-76-103\">\nCEMflex VB \u2013 Joint sheets\n<\/h3><div class=\"bde-text-76-109-118-76-1 bde-text bde-text-76-109\">\nSpecialized galvanized sheet with an active coating that, in contact with fresh concrete, creates a permanent watertight bond at all work interruptions.\n<\/div>\n<\/div><div class=\"bde-button-76-106-118-76-1 bde-button bde-button-76-106\">\n    \n                        \n                        \n    \n    \n    \n    \n            \n                    \n            \n            \n\n    \n    \n    \n    \n    \n    <a class=\"breakdance-link button-atom button-atom--text bde-button__button\" href=\"https:\/\/radcon.plavipixel.dev\/en\/products\/cemflex-vb-limovi-za-spojeve\/\" target=\"_self\" data-type=\"url\"  >\n\n    \n        <span class=\"button-atom__text\">Learn more<\/span>\n\n        \n        \n                <\/a>\n\n    \n\n\n<\/div><img decoding=\"async\" class=\"bde-image2-76-107-118-76-1 bde-image2 bde-image2-76-107\" src=\"https:\/\/radcon.plavipixel.dev\/wp-content\/uploads\/2026\/01\/radcon-graphic-element.svg\" loading=\"lazy\">\n<\/div>\n\n<\/a>    <\/article>\n    <article class=\"bde-loop-item ee-post\">\n        <a class=\"bde-container-link-76-105-119-76-1 bde-container-link bde-container-link-76-105 breakdance-link\" href=\"https:\/\/radcon.plavipixel.dev\/en\/products\/quellmax-bubrece-trake\/\" target=\"_self\" data-type=\"url\">\n  \n  \n\t\n\n\n\n<div class=\"bde-div-76-100-119-76-1 bde-div bde-div-76-100\">\n  \n  \n\t\n\n\n\n<div class=\"bde-div-76-102-119-76-1 bde-div bde-div-76-102\">\n  \n  \n\t\n\n\n\n<h3 class=\"bde-heading-76-103-119-76-1 bde-heading bde-heading-76-103\">\nQUELLMAX swelling tapes\n<\/h3><div class=\"bde-text-76-109-119-76-1 bde-text bde-text-76-109\">\nVisokoekspanzivna barijera koja u dodiru s vodom bubri i fizi\u010dki blokira prolaz vlage, kompenziraju\u0107i neravnine i mikropukotine u spojevima konstrukcije.\n<\/div>\n<\/div><div class=\"bde-button-76-106-119-76-1 bde-button bde-button-76-106\">\n    \n                        \n                        \n    \n    \n    \n    \n            \n                    \n            \n            \n\n    \n    \n    \n    \n    \n    <a class=\"breakdance-link button-atom button-atom--text bde-button__button\" href=\"https:\/\/radcon.plavipixel.dev\/en\/products\/quellmax-bubrece-trake\/\" target=\"_self\" data-type=\"url\"  >\n\n    \n        <span class=\"button-atom__text\">Learn more<\/span>\n\n        \n        \n                <\/a>\n\n    \n\n\n<\/div><img decoding=\"async\" class=\"bde-image2-76-107-119-76-1 bde-image2 bde-image2-76-107\" src=\"https:\/\/radcon.plavipixel.dev\/wp-content\/uploads\/2026\/01\/radcon-graphic-element.svg\" loading=\"lazy\">\n<\/div>\n\n<\/a>    <\/article>\n    <article class=\"bde-loop-item ee-post\">\n        <a class=\"bde-container-link-76-105-120-76-1 bde-container-link bde-container-link-76-105 breakdance-link\" href=\"https:\/\/radcon.plavipixel.dev\/en\/products\/cemflex-brtvene-trake\/\" target=\"_self\" data-type=\"url\">\n  \n  \n\t\n\n\n\n<div class=\"bde-div-76-100-120-76-1 bde-div bde-div-76-100\">\n  \n  \n\t\n\n\n\n<div class=\"bde-div-76-102-120-76-1 bde-div bde-div-76-102\">\n  \n  \n\t\n\n\n\n<h3 class=\"bde-heading-76-103-120-76-1 bde-heading bde-heading-76-103\">\nCEMFlex sealing tapes\n<\/h3><div class=\"bde-text-76-109-120-76-1 bde-text bde-text-76-109\">\nSustav za trajno brtvljenje dilatacija i konstrukcijskih spojeva s visokom elasti\u010dno\u0161\u0107u koja omogu\u0107uje nepropusnost pri zna\u010dajnim pomacima objekta.\n<\/div>\n<\/div><div class=\"bde-button-76-106-120-76-1 bde-button bde-button-76-106\">\n    \n                        \n                        \n    \n    \n    \n    \n            \n                    \n            \n            \n\n    \n    \n    \n    \n    \n    <a class=\"breakdance-link button-atom button-atom--text bde-button__button\" href=\"https:\/\/radcon.plavipixel.dev\/en\/products\/cemflex-brtvene-trake\/\" target=\"_self\" data-type=\"url\"  >\n\n    \n        <span class=\"button-atom__text\">Learn more<\/span>\n\n        \n        \n                <\/a>\n\n    \n\n\n<\/div><img decoding=\"async\" class=\"bde-image2-76-107-120-76-1 bde-image2 bde-image2-76-107\" src=\"https:\/\/radcon.plavipixel.dev\/wp-content\/uploads\/2026\/01\/radcon-graphic-element.svg\" loading=\"lazy\">\n<\/div>\n\n<\/a>    <\/article>\n    <article class=\"bde-loop-item ee-post\">\n        <a class=\"bde-container-link-76-105-121-76-1 bde-container-link bde-container-link-76-105 breakdance-link\" href=\"https:\/\/radcon.plavipixel.dev\/en\/products\/dualproof-membrana\/\" target=\"_self\" data-type=\"url\">\n  \n  \n\t\n\n\n\n<div class=\"bde-div-76-100-121-76-1 bde-div bde-div-76-100\">\n  \n  \n\t\n\n\n\n<div class=\"bde-div-76-102-121-76-1 bde-div bde-div-76-102\">\n  \n  \n\t\n\n\n\n<h3 class=\"bde-heading-76-103-121-76-1 bde-heading bde-heading-76-103\">\nDUALProof membrana\n<\/h3><div class=\"bde-text-76-109-121-76-1 bde-text bde-text-76-109\">\nKompozitni brtveni sustav koji ostvaruje potpunu mehani\u010dku i kemijsku vezu sa svje\u017eim betonom, eliminiraju\u0107i svaku mogu\u0107nost bo\u010dnog podvla\u010denja vode.\n<\/div>\n<\/div><div class=\"bde-button-76-106-121-76-1 bde-button bde-button-76-106\">\n    \n                        \n                        \n    \n    \n    \n    \n            \n                    \n            \n            \n\n    \n    \n    \n    \n    \n    <a class=\"breakdance-link button-atom button-atom--text bde-button__button\" href=\"https:\/\/radcon.plavipixel.dev\/en\/products\/dualproof-membrana\/\" target=\"_self\" data-type=\"url\"  >\n\n    \n        <span class=\"button-atom__text\">Learn more<\/span>\n\n        \n        \n                <\/a>\n\n    \n\n\n<\/div><img decoding=\"async\" class=\"bde-image2-76-107-121-76-1 bde-image2 bde-image2-76-107\" src=\"https:\/\/radcon.plavipixel.dev\/wp-content\/uploads\/2026\/01\/radcon-graphic-element.svg\" loading=\"lazy\">\n<\/div>\n\n<\/a>    <\/article>\n    <article class=\"bde-loop-item ee-post\">\n        <a class=\"bde-container-link-76-105-122-76-1 bde-container-link bde-container-link-76-105 breakdance-link\" href=\"https:\/\/radcon.plavipixel.dev\/en\/products\/silver-seal-self-healing-membrane\/\" target=\"_self\" data-type=\"url\">\n  \n  \n\t\n\n\n\n<div class=\"bde-div-76-100-122-76-1 bde-div bde-div-76-100\">\n  \n  \n\t\n\n\n\n<div class=\"bde-div-76-102-122-76-1 bde-div bde-div-76-102\">\n  \n  \n\t\n\n\n\n<h3 class=\"bde-heading-76-103-122-76-1 bde-heading bde-heading-76-103\">\nSILVER SEAL \u2013 self-healing membrane\n<\/h3><div class=\"bde-text-76-109-122-76-1 bde-text bde-text-76-109\">\nHybrid bentonite membrane with high self-healing ability that automatically seals mechanical damage caused during installation and reinforcement phase.\n<\/div>\n<\/div><div class=\"bde-button-76-106-122-76-1 bde-button bde-button-76-106\">\n    \n                        \n                        \n    \n    \n    \n    \n            \n                    \n            \n            \n\n    \n    \n    \n    \n    \n    <a class=\"breakdance-link button-atom button-atom--text bde-button__button\" href=\"https:\/\/radcon.plavipixel.dev\/en\/products\/silver-seal-self-healing-membrane\/\" target=\"_self\" data-type=\"url\"  >\n\n    \n        <span class=\"button-atom__text\">Learn more<\/span>\n\n        \n        \n                <\/a>\n\n    \n\n\n<\/div><img decoding=\"async\" class=\"bde-image2-76-107-122-76-1 bde-image2 bde-image2-76-107\" src=\"https:\/\/radcon.plavipixel.dev\/wp-content\/uploads\/2026\/01\/radcon-graphic-element.svg\" loading=\"lazy\">\n<\/div>\n\n<\/a>    <\/article>\n<\/div>\r\n<\/div><\/div>\n<\/section>","protected":false},"excerpt":{"rendered":"<p>Podzemne reaktivne membrane Radcon formula #7 Napredni sustav koji trajno prodire u strukturu betona i nudi do\u017eivotnu za\u0161titu aktivnim zatvaranjem pukotina do 2.0 mm. Saznajte vi\u0161e Radmyx Koncentrirani kapilarni sustav koji kemijskom reakcijom stvara kristalnu strukturu unutar betona, osiguravaju\u0107i potpunu nepropusnost pod visokim hidrostatskim tlakom. Saznajte vi\u0161e CEMflex VB &#8211; Limovi za spojeve Specijalizirani pocin\u010dani [&hellip;]<\/p>\n","protected":false},"author":1,"featured_media":0,"parent":0,"menu_order":0,"comment_status":"closed","ping_status":"closed","template":"","meta":{"_acf_changed":false,"_breakdance_hide_in_design_set":false,"_breakdance_tags":"","footnotes":""},"class_list":["post-2341","page","type-page","status-publish","hentry"],"acf":[],"_links":{"self":[{"href":"https:\/\/radcon.plavipixel.dev\/en\/wp-json\/wp\/v2\/pages\/2341","targetHints":{"allow":["GET"]}}],"collection":[{"href":"https:\/\/radcon.plavipixel.dev\/en\/wp-json\/wp\/v2\/pages"}],"about":[{"href":"https:\/\/radcon.plavipixel.dev\/en\/wp-json\/wp\/v2\/types\/page"}],"author":[{"embeddable":true,"href":"https:\/\/radcon.plavipixel.dev\/en\/wp-json\/wp\/v2\/users\/1"}],"replies":[{"embeddable":true,"href":"https:\/\/radcon.plavipixel.dev\/en\/wp-json\/wp\/v2\/comments?post=2341"}],"version-history":[{"count":5,"href":"https:\/\/radcon.plavipixel.dev\/en\/wp-json\/wp\/v2\/pages\/2341\/revisions"}],"predecessor-version":[{"id":2436,"href":"https:\/\/radcon.plavipixel.dev\/en\/wp-json\/wp\/v2\/pages\/2341\/revisions\/2436"}],"wp:attachment":[{"href":"https:\/\/radcon.plavipixel.dev\/en\/wp-json\/wp\/v2\/media?parent=2341"}],"curies":[{"name":"wp","href":"https:\/\/api.w.org\/{rel}","templated":true}]}}