{"id":2065,"date":"2026-01-26T14:41:36","date_gmt":"2026-01-26T14:41:36","guid":{"rendered":"https:\/\/radcon.plavipixel.dev\/?page_id=2065"},"modified":"2026-03-02T11:33:21","modified_gmt":"2026-03-02T11:33:21","slug":"products","status":"publish","type":"page","link":"https:\/\/radcon.plavipixel.dev\/en\/products\/","title":{"rendered":"Products"},"content":{"rendered":"<section id=\"ponuda\" class=\"bde-section-2065-128 bde-section\">\n  \n  \n\t\n\n\n\n<div class=\"section-container\"><div class=\"bde-columns-2065-129 bde-columns\"><div class=\"bde-column-2065-130 bde-column\">\n  \n  \n\t\n\n\n\n<div class=\"bde-div-2065-131 bde-div\">\n  \n  \n\t\n\n\n\n<span class=\"bde-text-2065-132 bde-text\">\nAdvanced Technology\n<\/span><h2 class=\"bde-heading-2065-133 bde-heading\">\nOur product offering\n<\/h2>\n<\/div><p class=\"bde-text-2065-134 bde-text\">\nWe specialize in the implementation of globally proven systems in the protection and waterproofing of concrete, led by the brands Radcon Formula #7, Radmyx and BPA. Our solutions eliminate the penetration of moisture and ensure the self-healing properties of the structure, which drastically extends the life of even the most demanding engineering projects.\n<\/p>\n<\/div><div class=\"bde-column-2065-135 bde-column\">\n  \n  \n\t\n\n\n\n<div class=\"bde-grid-2065-136 bde-grid\" data-entrance=\"slideRight\">\n  \n  \n\t\n\n\n\n<a class=\"bde-container-link-2065-137 bde-container-link breakdance-link\" href=\"\/en\/products\/radcon-formula-7\/\" target=\"_self\" data-type=\"url\">\n  \n  \n\t\n\n\n\n<div class=\"bde-div-2065-138 bde-div card\">\n  \n  \n\t\n\n\n\n<div class=\"bde-image-2065-139 bde-image\">\n<figure class=\"breakdance-image breakdance-image--80\">\n\t<div class=\"breakdance-image-container\">\n\t\t<div class=\"breakdance-image-clip\"><img loading=\"lazy\" decoding=\"async\" class=\"breakdance-image-object\" src=\"https:\/\/radcon.plavipixel.dev\/wp-content\/uploads\/2026\/01\/2019-12-03.png\" width=\"221\" height=\"74\" sizes=\"auto, (max-width: 221px) 100vw, 221px\"><\/div>\n\t<\/div><\/figure>\n\n<\/div><div class=\"bde-div-2065-140 bde-div\">\n  \n  \n\t\n\n\n\n<h4 class=\"bde-heading-2065-141 bde-heading\">\nRadcon formula #7\n<\/h4><p class=\"bde-text-2065-142 bde-text\">\nRadcon Formula #7\u00ae is a concrete waterproofing and impregnation product that is applied to concrete by spraying.\n<\/p>\n<\/div>\n<\/div>\n\n<\/a><a class=\"bde-container-link-2065-143 bde-container-link breakdance-link\" href=\"\/en\/products\/radmyx\/\" target=\"_self\" data-type=\"url\">\n  \n  \n\t\n\n\n\n<div class=\"bde-div-2065-144 bde-div card\">\n  \n  \n\t\n\n\n\n<div class=\"bde-image-2065-145 bde-image\">\n<figure class=\"breakdance-image breakdance-image--96\">\n\t<div class=\"breakdance-image-container\">\n\t\t<div class=\"breakdance-image-clip\"><img loading=\"lazy\" decoding=\"async\" class=\"breakdance-image-object\" src=\"https:\/\/radcon.plavipixel.dev\/wp-content\/uploads\/2026\/01\/2019-12-03.jpg\" width=\"236\" height=\"90\" sizes=\"auto, (max-width: 236px) 100vw, 236px\"><\/div>\n\t<\/div><\/figure>\n\n<\/div><div class=\"bde-div-2065-146 bde-div\">\n  \n  \n\t\n\n\n\n<h4 class=\"bde-heading-2065-147 bde-heading\">\nRadmyx\n<\/h4><p class=\"bde-text-2065-148 bde-text\">\nRadmyx\u2122 is a crystallization additive to concrete for complete waterproofing of underground structures.\n<\/p>\n<\/div>\n<\/div>\n\n<\/a><a class=\"bde-container-link-2065-149 bde-container-link breakdance-link\" href=\"https:\/\/radcon.plavipixel.dev\/en\/products\/cemflex-vb-limovi-za-spojeve\/\" target=\"_self\" data-type=\"url\">\n  \n  \n\t\n\n\n\n<div class=\"bde-div-2065-150 bde-div card\">\n  \n  \n\t\n\n\n\n<div class=\"bde-div-2065-151 bde-div\">\n  \n  \n\t\n\n\n\n<div class=\"bde-image-2065-152 bde-image\">\n<figure class=\"breakdance-image breakdance-image--100\">\n\t<div class=\"breakdance-image-container\">\n\t\t<div class=\"breakdance-image-clip\"><img loading=\"lazy\" decoding=\"async\" class=\"breakdance-image-object\" src=\"https:\/\/radcon.plavipixel.dev\/wp-content\/uploads\/2026\/01\/bpa-logo.png\" width=\"661\" height=\"193\" srcset=\"https:\/\/radcon.plavipixel.dev\/wp-content\/uploads\/2026\/01\/bpa-logo.png 661w, https:\/\/radcon.plavipixel.dev\/wp-content\/uploads\/2026\/01\/bpa-logo-300x88.png 300w\" sizes=\"auto, (max-width: 661px) 100vw, 661px\"><\/div>\n\t<\/div><\/figure>\n\n<\/div><h4 class=\"bde-heading-2065-153 bde-heading\">\nCEMflex VB \n<\/h4><p class=\"bde-text-2065-154 bde-text\">\nJoint sheets, sealing tapes, swelling tapes and self-healing membranes.\n<\/p>\n<\/div>\n<\/div>\n\n<\/a><a class=\"bde-container-link-2065-155 bde-container-link breakdance-link\" href=\"https:\/\/radcon.plavipixel.dev\/en\/products\/silver-seal-self-healing-membrane\/\" target=\"_self\" data-type=\"url\">\n  \n  \n\t\n\n\n\n<div class=\"bde-div-2065-156 bde-div card\">\n  \n  \n\t\n\n\n\n<div class=\"bde-div-2065-157 bde-div\">\n  \n  \n\t\n\n\n\n<div class=\"bde-image-2065-158 bde-image\">\n<figure class=\"breakdance-image breakdance-image--100\">\n\t<div class=\"breakdance-image-container\">\n\t\t<div class=\"breakdance-image-clip\"><img loading=\"lazy\" decoding=\"async\" class=\"breakdance-image-object\" src=\"https:\/\/radcon.plavipixel.dev\/wp-content\/uploads\/2026\/01\/bpa-logo.png\" width=\"661\" height=\"193\" srcset=\"https:\/\/radcon.plavipixel.dev\/wp-content\/uploads\/2026\/01\/bpa-logo.png 661w, https:\/\/radcon.plavipixel.dev\/wp-content\/uploads\/2026\/01\/bpa-logo-300x88.png 300w\" sizes=\"auto, (max-width: 661px) 100vw, 661px\"><\/div>\n\t<\/div><\/figure>\n\n<\/div><h4 class=\"bde-heading-2065-159 bde-heading\">\nSILVER SEAL\n<\/h4><p class=\"bde-text-2065-160 bde-text\">\nJoint sheets, sealing tapes, swelling tapes and self-healing membranes.\n<\/p>\n<\/div>\n<\/div>\n\n<\/a>\n<\/div>\n<\/div><\/div><\/div>\n<\/section><div class=\"bde-globalblock-2065-127 bde-globalblock\"><section class=\"bde-section-2061-100-2061-1 bde-section bde-section-2061-100\">\n  \n  \n\t\n\n\n\n<div class=\"section-container\"><div class=\"bde-columns-2061-101-2061-1 bde-columns bde-columns-2061-101\"><div class=\"bde-column-2061-102-2061-1 bde-column bde-column-2061-102\">\n  \n  \n\t\n\n\n\n<div class=\"bde-div-2061-103-2061-1 bde-div bde-div-2061-103\">\n  \n  \n\t\n\n\n\n<h2 class=\"bde-heading-2061-104-2061-1 bde-heading bde-heading-2061-104\">\nAre you looking for a permanent and safe solution for concrete protection?\n<\/h2><div class=\"bde-rich-text-2061-105-2061-1 bde-rich-text bde-rich-text-2061-105 breakdance-rich-text-styles\">\n<ul>\n<li>Permanent concrete protection without compromise.<\/li>\n<li>A fast, safe and long-lasting solution.<\/li>\n<li>No maintenance. No risk.<\/li>\n<\/ul>\n<\/div>\n<\/div><div class=\"bde-button-2061-106-2061-1 bde-button bde-button-2061-106\">\n    \n                                    \n    \n    \n    \n    \n            \n                    \n            \n            \n\n    \n    \n    \n    \n    \n    <a class=\"breakdance-link button-atom button-atom--primary bde-button__button\" href=\"\/en\/contact\/\" target=\"_self\" data-type=\"url\"  >\n\n    \n        <span class=\"button-atom__text\">Send an inquiry<\/span>\n\n        \n        \n                <\/a>\n\n    \n\n\n<\/div>\n<\/div><div class=\"bde-column-2061-107-2061-1 bde-column bde-column-2061-107\">\n  \n  \n\t\n\n\n\n\n<\/div><\/div><\/div>\n<\/section><\/div>","protected":false},"excerpt":{"rendered":"<p>Napredna Tehnologija Na\u0161a ponuda proizvoda Specijalizirani smo za implementaciju globalno dokazanih sustava u za\u0161titi i hidroizolaciji betona, predvo\u0111enih brendovima Radcon Formula #7, Radmyx i BPA. Na\u0161a rje\u0161enja eliminiraju prodor vlage i osiguravaju samoiscjeljuju\u0107a svojstva konstrukcije, \u010dime drasti\u010dno produljujemo \u017eivotni vijek i najzahtjevnijih in\u017eenjerskih projekata. Radcon formula #7 Radcon Formula #7\u00ae je proizvod za hidroizolaciju i [&hellip;]<\/p>\n","protected":false},"author":1,"featured_media":0,"parent":0,"menu_order":0,"comment_status":"closed","ping_status":"closed","template":"","meta":{"_acf_changed":false,"_breakdance_hide_in_design_set":false,"_breakdance_tags":"","footnotes":""},"class_list":["post-2065","page","type-page","status-publish","hentry"],"acf":[],"_links":{"self":[{"href":"https:\/\/radcon.plavipixel.dev\/en\/wp-json\/wp\/v2\/pages\/2065","targetHints":{"allow":["GET"]}}],"collection":[{"href":"https:\/\/radcon.plavipixel.dev\/en\/wp-json\/wp\/v2\/pages"}],"about":[{"href":"https:\/\/radcon.plavipixel.dev\/en\/wp-json\/wp\/v2\/types\/page"}],"author":[{"embeddable":true,"href":"https:\/\/radcon.plavipixel.dev\/en\/wp-json\/wp\/v2\/users\/1"}],"replies":[{"embeddable":true,"href":"https:\/\/radcon.plavipixel.dev\/en\/wp-json\/wp\/v2\/comments?post=2065"}],"version-history":[{"count":7,"href":"https:\/\/radcon.plavipixel.dev\/en\/wp-json\/wp\/v2\/pages\/2065\/revisions"}],"predecessor-version":[{"id":2259,"href":"https:\/\/radcon.plavipixel.dev\/en\/wp-json\/wp\/v2\/pages\/2065\/revisions\/2259"}],"wp:attachment":[{"href":"https:\/\/radcon.plavipixel.dev\/en\/wp-json\/wp\/v2\/media?parent=2065"}],"curies":[{"name":"wp","href":"https:\/\/api.w.org\/{rel}","templated":true}]}}