{"id":1573,"date":"2026-01-20T11:56:51","date_gmt":"2026-01-20T11:56:51","guid":{"rendered":"https:\/\/radcon.plavipixel.dev\/?page_id=1573"},"modified":"2026-04-14T10:52:29","modified_gmt":"2026-04-14T10:52:29","slug":"contact","status":"publish","type":"page","link":"https:\/\/radcon.plavipixel.dev\/en\/contact\/","title":{"rendered":"Contact"},"content":{"rendered":"<section class=\"bde-section-1573-100 bde-section\">\n  \n  \n\t\n\n\n\n<div class=\"section-container\"><div class=\"bde-columns-1573-101 bde-columns\"><div class=\"bde-column-1573-102 bde-column\">\n  \n  \n\t\n\n\n\n<div class=\"bde-div-1573-105 bde-div\">\n  \n  \n\t\n\n\n\n<h1 class=\"bde-heading-1573-104 bde-heading\">\nKontaktirajte nas\n<\/h1><div class=\"bde-text-1573-106 bde-text\">\nStupite u kontakt s na\u0161im stru\u010dnim timom i dobijte preporuku prilago\u0111enu va\u0161im potrebama. Za projektante, izvo\u0111a\u010de i investitore koji tra\u017ee pouzdana rje\u0161enja.\n<\/div>\n<\/div><div class=\"bde-shortcode-1573-107 bde-shortcode\"><div class='fluentform ff-default fluentform_wrapper_1 ffs_custom_wrap'><form data-form_id=\"1\" id=\"fluentform_1\" class=\"frm-fluent-form fluent_form_1 ff-el-form-top ff_form_instance_1_1 ff-form-loading ffs_custom\" data-form_instance=\"ff_form_instance_1_1\" method=\"POST\" ><fieldset  style=\"border: none!important;margin: 0!important;padding: 0!important;background-color: transparent!important;box-shadow: none!important;outline: none!important; min-inline-size: 100%;\">\n                    <legend class=\"ff_screen_reader_title\" style=\"display: block; margin: 0!important;padding: 0!important;height: 0!important;text-indent: -999999px;width: 0!important;overflow:hidden;\">Kontakt forma<\/legend><input type='hidden' name='__fluent_form_embded_post_id' value='1573' \/><input type=\"hidden\" id=\"_fluentform_1_fluentformnonce\" name=\"_fluentform_1_fluentformnonce\" value=\"a9dbad4bfd\" \/><input type=\"hidden\" name=\"_wp_http_referer\" value=\"\/en\/wp-json\/wp\/v2\/pages\/1573\" \/><div data-type=\"name-element\" data-name=\"names\" class=\" ff-field_container ff-name-field-wrapper\" ><div class='ff-t-container'><div class='ff-t-cell '><div class='ff-el-group'><div class=\"ff-el-input--label ff-el-is-required asterisk-right\"><label for='ff_1_names_first_name_' id='label_ff_1_names_first_name_' >Ime i prezime<\/label><\/div><div class='ff-el-input--content'><input type=\"text\" name=\"names[first_name]\" id=\"ff_1_names_first_name_\" class=\"ff-el-form-control\" placeholder=\"Va\u0161e ime\" aria-invalid=\"false\" aria-required=true><\/div><\/div><\/div><\/div><\/div><div class='ff-el-group'><div class=\"ff-el-input--label asterisk-right\"><label for='ff_1_input_text' id='label_ff_1_input_text' aria-label=\"Naziv tvrtke\">Naziv tvrtke<\/label><\/div><div class='ff-el-input--content'><input type=\"text\" name=\"input_text\" class=\"ff-el-form-control\" placeholder=\"Naziv tvrtke\" data-name=\"input_text\" id=\"ff_1_input_text\"  aria-invalid=\"false\" aria-required=false><\/div><\/div><div class='ff-el-group'><div class=\"ff-el-input--label ff-el-is-required asterisk-right\"><label for='ff_1_email' id='label_ff_1_email' aria-label=\"Email\">Email<\/label><\/div><div class='ff-el-input--content'><input type=\"email\" name=\"email\" id=\"ff_1_email\" class=\"ff-el-form-control\" placeholder=\"Email adresa\" data-name=\"email\"  aria-invalid=\"false\" aria-required=true><\/div><\/div><div class='ff-el-group'><div class=\"ff-el-input--label asterisk-right\"><label for='ff_1_subject' id='label_ff_1_subject' aria-label=\"Telefon\">Telefon<\/label><\/div><div class='ff-el-input--content'><input type=\"text\" name=\"subject\" class=\"ff-el-form-control\" placeholder=\"Telefon\" data-name=\"subject\" id=\"ff_1_subject\"  aria-invalid=\"false\" aria-required=false><\/div><\/div><div class='ff-el-group'><div class=\"ff-el-input--label asterisk-right\"><label for='ff_1_dropdown' id='label_ff_1_dropdown' aria-label=\"Tip objekta\">Tip objekta<\/label><\/div><div class='ff-el-input--content'><select name=\"dropdown\" id=\"ff_1_dropdown\" class=\"ff-el-form-control\" data-name=\"dropdown\" data-calc_value=\"0\"  aria-invalid=\"false\" aria-required=\"false\" aria-labelledby=\"label_ff_1_dropdown\"><option value=\"\">- Odaberi -<\/option><option value=\"Sanacija postoje\u0107eg objekta\"  >Sanacija postoje\u0107eg objekta<\/option><option value=\"Novogradnja\"  >Novogradnja<\/option><option value=\"Infrastrukturni projekt (mostovi\/tuneli)\"  >Infrastrukturni projekt (mostovi\/tuneli)<\/option><option value=\"Privatni objekt (terasa\/podrum)\"  >Privatni objekt (terasa\/podrum)<\/option><\/select><\/div><\/div><div class='ff-el-group'><div class=\"ff-el-input--label asterisk-right\"><label for='ff_1_dropdown_1' id='label_ff_1_dropdown_1' aria-label=\"Procjena kvadrature (m\u00b2\/m\u00b3)\">Procjena kvadrature (m\u00b2\/m\u00b3)<\/label><\/div><div class='ff-el-input--content'><select name=\"dropdown_1\" id=\"ff_1_dropdown_1\" class=\"ff-el-form-control\" data-name=\"dropdown_1\" data-calc_value=\"0\"  aria-invalid=\"false\" aria-required=\"false\" aria-labelledby=\"label_ff_1_dropdown_1\"><option value=\"\">- Odaberi -<\/option><option value=\"do 50m\u00b2\/m\u00b3\"  >do 50m\u00b2\/m\u00b3<\/option><option value=\"50-200m\u00b2\/m\u00b3\"  >50-200m\u00b2\/m\u00b3<\/option><option value=\"iznad 200m\u00b2\/m\u00b3\"  >iznad 200m\u00b2\/m\u00b3<\/option><\/select><\/div><\/div><div class='ff-el-group'><div class=\"ff-el-input--label asterisk-right\"><label for='ff_1_message' id='label_ff_1_message' aria-label=\"Va\u0161a poruka\">Va\u0161a poruka<\/label><\/div><div class='ff-el-input--content'><textarea aria-required=\"false\" aria-labelledby=\"label_ff_1_message\" name=\"message\" id=\"ff_1_message\" class=\"ff-el-form-control\" rows=\"4\" cols=\"2\" data-name=\"message\" ><\/textarea><\/div><\/div><div class='ff-el-group  ff-dropzone'><div class=\"ff-el-input--label asterisk-right\"><label for='ff_1_file-upload_1' id='label_ff_1_file-upload_1' aria-label=\"Prijenos datoteke\">Prijenos datoteke<\/label><\/div><div class='ff-el-input--content'><label for='ff_1_file-upload_1' class='ff_file_upload_holder'><span class='ff_upload_btn ff-btn' tabindex='0'>Odaberite datoteku<\/span> <input type=\"file\" name=\"file-upload\" id=\"ff_1_file-upload_1\" class=\"ff-el-form-control  ff-screen-reader-element\" data-name=\"file-upload\" multiple=\"1\"  aria-invalid='false' aria-required=false><\/label><\/div><\/div><div class='ff-el-group'><div class=\"ff-el-input--label asterisk-right\"><label   aria-label=\"Uloga u projektu\">Uloga u projektu<\/label><\/div><div class='ff-el-input--content'><div class='ff-el-form-check ff-el-form-check-'><label class='ff-el-form-check-label' for='input_radio_3ddf85d316dd8387d5acd117f5d014a2'><input  type=\"radio\" name=\"input_radio\" data-name=\"input_radio\" class=\"ff-el-form-check-input ff-el-form-check-radio\" value=\"Projektant\"  id='input_radio_3ddf85d316dd8387d5acd117f5d014a2' aria-label='Projektant' aria-invalid='false' aria-required=false> <span>Projektant<\/span><\/label><\/div><div class='ff-el-form-check ff-el-form-check-'><label class='ff-el-form-check-label' for='input_radio_4115085a6cf0fbf6dd7c16d55615e0c0'><input  type=\"radio\" name=\"input_radio\" data-name=\"input_radio\" class=\"ff-el-form-check-input ff-el-form-check-radio\" value=\"Izvo\u0111a\u010d\"  id='input_radio_4115085a6cf0fbf6dd7c16d55615e0c0' aria-label='Izvo\u0111a\u010d' aria-invalid='false' aria-required=false> <span>Izvo\u0111a\u010d<\/span><\/label><\/div><div class='ff-el-form-check ff-el-form-check-'><label class='ff-el-form-check-label' for='input_radio_1804b40190a74dc3a4c102e41043ebd7'><input  type=\"radio\" name=\"input_radio\" data-name=\"input_radio\" class=\"ff-el-form-check-input ff-el-form-check-radio\" value=\"Privatni investitor\"  id='input_radio_1804b40190a74dc3a4c102e41043ebd7' aria-label='Privatni investitor' aria-invalid='false' aria-required=false> <span>Privatni investitor<\/span><\/label><\/div><\/div><\/div><div class='ff-el-group ff-text-left ff_submit_btn_wrapper'><button type=\"submit\" class=\"ff-btn ff-btn-submit ff-btn-md ff_btn_style wpf_has_custom_css\"  aria-label=\"Po\u0161alji upit\">Po\u0161alji upit<\/button><\/div><\/fieldset><\/form><div id='fluentform_1_errors' class='ff-errors-in-stack ff_form_instance_1_1 ff-form-loading_errors ff_form_instance_1_1_errors'><\/div><\/div>            <script type=\"text\/javascript\">\n                window.fluent_form_ff_form_instance_1_1 = {\"id\":\"1\",\"settings\":{\"layout\":{\"labelPlacement\":\"top\",\"helpMessagePlacement\":\"with_label\",\"errorMessagePlacement\":\"inline\",\"cssClassName\":\"\",\"asteriskPlacement\":\"asterisk-right\"},\"restrictions\":{\"denyEmptySubmission\":{\"enabled\":false}}},\"form_instance\":\"ff_form_instance_1_1\",\"form_id_selector\":\"fluentform_1\",\"rules\":{\"names[first_name]\":{\"required\":{\"value\":true,\"message\":\"Ovo polje je obavezno.\",\"global\":false,\"global_message\":\"This field is required\"}},\"names[middle_name]\":{\"required\":{\"value\":false,\"message\":\"This field is required\",\"global\":false,\"global_message\":\"This field is required\"}},\"names[last_name]\":{\"required\":{\"value\":false,\"message\":\"This field is required\",\"global\":false,\"global_message\":\"This field is required\"}},\"input_text\":{\"required\":{\"value\":false,\"message\":\"This field is required\",\"global_message\":\"This field is required\",\"global\":true}},\"email\":{\"required\":{\"value\":true,\"message\":\"Ovo polje je obavezno.\",\"global\":false,\"global_message\":\"This field is required\"},\"email\":{\"value\":true,\"message\":\"Ovo polje mora sadr\\u017eavati valjani email.\",\"global\":false,\"global_message\":\"This field must contain a valid email\"}},\"subject\":{\"required\":{\"value\":false,\"message\":\"This field is required\",\"global\":false,\"global_message\":\"This field is required\"}},\"dropdown\":{\"required\":{\"value\":false,\"message\":\"This field is required\",\"global_message\":\"This field is required\",\"global\":true}},\"dropdown_1\":{\"required\":{\"value\":false,\"message\":\"This field is required\",\"global_message\":\"This field is required\",\"global\":true}},\"message\":{\"required\":{\"value\":false,\"message\":\"Ovo polje je obavezno.\",\"global\":false,\"global_message\":\"This field is required\"}},\"file-upload\":{\"required\":{\"value\":false,\"message\":\"This field is required\",\"global_message\":\"This field is required\",\"global\":true},\"max_file_size\":{\"value\":1048576,\"_valueFrom\":\"MB\",\"message\":\"Validation fails for maximum file size\",\"global_message\":\"Validation fails for maximum file size\",\"global\":true},\"max_file_count\":{\"value\":1,\"message\":\"Validation fails for maximum file count\",\"global_message\":\"Validation fails for maximum file count\",\"global\":true},\"allowed_file_types\":{\"value\":[\"jpg|jpeg|gif|png|bmp\",\"pdf\"],\"message\":\"Invalid file type\",\"global_message\":\"Invalid file type\",\"global\":true}},\"input_radio\":{\"required\":{\"value\":false,\"message\":\"This field is required\",\"global_message\":\"This field is required\",\"global\":true}}},\"debounce_time\":300};\n                            <\/script>\n            <\/div>\n<\/div><div class=\"bde-column-1573-103 bde-column\">\n  \n  \n\t\n\n\n\n<div class=\"bde-div-1573-108 bde-div\">\n  \n  \n\t\n\n\n\n<div class=\"bde-div-1573-109 bde-div\">\n  \n  \n\t\n\n\n\n<div class=\"bde-div-1573-115 bde-div\">\n  \n  \n\t\n\n\n\n<div class=\"bde-icon-1573-111 bde-icon\">\n\n    \n            <div class=\"bde-icon-icon breakdance-icon-atom\" >\n    \n                    <svg xmlns=\"http:\/\/www.w3.org\/2000\/svg\" viewBox=\"0 0 384 512\"><!--! Font Awesome Free 6.5.1 by @fontawesome - https:\/\/fontawesome.com License - https:\/\/fontawesome.com\/license\/free (Icons: CC BY 4.0, Fonts: SIL OFL 1.1, Code: MIT License) Copyright 2023 Fonticons, Inc. --><path d=\"M215.7 499.2C267 435 384 279.4 384 192C384 86 298 0 192 0S0 86 0 192c0 87.4 117 243 168.3 307.2c12.3 15.3 35.1 15.3 47.4 0zM192 128a64 64 0 1 1 0 128 64 64 0 1 1 0-128z\"\/><\/svg>\n        \n        \n        \n            <\/div>\n    \n\n\n<\/div><h5 class=\"bde-heading-1573-112 bde-heading\">\nAdresa\n<\/h5>\n<\/div><div class=\"bde-div-1573-113 bde-div\">\n  \n  \n\t\n\n\n\n<div class=\"bde-text-1573-114 bde-text\">\nStrojarska cesta 2<br>10000 Zagreb, Hrvatska\n<\/div>\n<\/div>\n<\/div><div class=\"bde-div-1573-116 bde-div\">\n  \n  \n\t\n\n\n\n<div class=\"bde-div-1573-117 bde-div\">\n  \n  \n\t\n\n\n\n<div class=\"bde-icon-1573-118 bde-icon\">\n\n    \n            <div class=\"bde-icon-icon breakdance-icon-atom\" >\n    \n                    <svg xmlns=\"http:\/\/www.w3.org\/2000\/svg\" id=\"icon-phone\" viewBox=\"0 0 32 32\">\n<path d=\"M22 20c-2 2-2 4-4 4s-4-2-6-4-4-4-4-6 2-2 4-4-4-8-6-8-6 6-6 6c0 4 4.109 12.109 8 16s12 8 16 8c0 0 6-4 6-6s-6-8-8-6z\"\/>\n<\/svg>\n        \n        \n        \n            <\/div>\n    \n\n\n<\/div><h5 class=\"bde-heading-1573-119 bde-heading\">\nTelefon i e-mail\n<\/h5>\n<\/div><div class=\"bde-div-1573-120 bde-div\">\n  \n  \n\t\n\n\n\n<a class=\"bde-text-link-1573-122 bde-text-link breakdance-link\" href=\"tel:\u00a0+385 1 2441 293\" target=\"_self\" data-type=\"contact\">\n  +385 1 2441 293\n\n<\/a><a class=\"bde-text-link-1573-123 bde-text-link breakdance-link\" href=\"mailto:radcon@radcon-croatia.hr?subject=Novi upit sa radcon.hr&amp;body=\" target=\"_self\" data-type=\"contact\">\n  radcon@radcon-croatia.hr\n\n<\/a>\n<\/div>\n<\/div>\n<\/div><div class=\"bde-google-map-1573-124 bde-google-map\">\r\n<iframe width=\"100%\" height=\"100%\" style=\"border:0\" loading=\"lazy\" title=\"Map\" src=\"https:\/\/maps.google.com\/maps?q=+Strojarska+cesta+2&t=m&z=14&output=embed&iwloc=near\" allowfullscreen><\/iframe>\n<\/div>\n<\/div><\/div><\/div>\n<\/section>","protected":false},"excerpt":{"rendered":"<p>Kontaktirajte nas Stupite u kontakt s na\u0161im stru\u010dnim timom i dobijte preporuku prilago\u0111enu va\u0161im potrebama. Za projektante, izvo\u0111a\u010de i investitore koji tra\u017ee pouzdana rje\u0161enja. Kontakt formaIme i prezimeNaziv tvrtkeEmailTelefonTip objekta- Odaberi -Sanacija postoje\u0107eg objektaNovogradnjaInfrastrukturni projekt (mostovi\/tuneli)Privatni objekt (terasa\/podrum)Procjena kvadrature (m\u00b2\/m\u00b3)- Odaberi -do 50m\u00b2\/m\u00b350-200m\u00b2\/m\u00b3iznad 200m\u00b2\/m\u00b3Va\u0161a porukaPrijenos datotekeOdaberite datoteku Uloga u projektu Projektant Izvo\u0111a\u010d Privatni investitorPo\u0161alji upit [&hellip;]<\/p>\n","protected":false},"author":1,"featured_media":0,"parent":0,"menu_order":0,"comment_status":"closed","ping_status":"closed","template":"","meta":{"_acf_changed":false,"_breakdance_hide_in_design_set":false,"_breakdance_tags":"","footnotes":""},"class_list":["post-1573","page","type-page","status-publish","hentry"],"acf":[],"_links":{"self":[{"href":"https:\/\/radcon.plavipixel.dev\/en\/wp-json\/wp\/v2\/pages\/1573","targetHints":{"allow":["GET"]}}],"collection":[{"href":"https:\/\/radcon.plavipixel.dev\/en\/wp-json\/wp\/v2\/pages"}],"about":[{"href":"https:\/\/radcon.plavipixel.dev\/en\/wp-json\/wp\/v2\/types\/page"}],"author":[{"embeddable":true,"href":"https:\/\/radcon.plavipixel.dev\/en\/wp-json\/wp\/v2\/users\/1"}],"replies":[{"embeddable":true,"href":"https:\/\/radcon.plavipixel.dev\/en\/wp-json\/wp\/v2\/comments?post=1573"}],"version-history":[{"count":18,"href":"https:\/\/radcon.plavipixel.dev\/en\/wp-json\/wp\/v2\/pages\/1573\/revisions"}],"predecessor-version":[{"id":2449,"href":"https:\/\/radcon.plavipixel.dev\/en\/wp-json\/wp\/v2\/pages\/1573\/revisions\/2449"}],"wp:attachment":[{"href":"https:\/\/radcon.plavipixel.dev\/en\/wp-json\/wp\/v2\/media?parent=1573"}],"curies":[{"name":"wp","href":"https:\/\/api.w.org\/{rel}","templated":true}]}}