{"id":1539,"date":"2026-01-20T10:35:25","date_gmt":"2026-01-20T10:35:25","guid":{"rendered":"https:\/\/radcon.plavipixel.dev\/?page_id=1539"},"modified":"2026-04-14T10:27:52","modified_gmt":"2026-04-14T10:27:52","slug":"about-us","status":"publish","type":"page","link":"https:\/\/radcon.plavipixel.dev\/en\/about-us\/","title":{"rendered":"About us"},"content":{"rendered":"<section class=\"bde-section-1539-100 bde-section\">\n  \n  \n\t\n\n\n\n<div class=\"section-container\"><div class=\"bde-columns-1539-101 bde-columns\"><div class=\"bde-column-1539-102 bde-column\" data-entrance=\"slideLeft\">\n  \n  \n\t\n\n\n\n<div class=\"bde-div-1539-106 bde-div\">\n  \n  \n\t\n\n\n\n<h1 class=\"bde-heading-1539-105 bde-heading\">\nAbout us\n<\/h1><div class=\"bde-text-1539-107 bde-text\">\nWe specialize in waterproofing and concrete protection through proven, long-lasting solutions. We provide designers and contractors with technical support and security at every stage of the project.\n<\/div>\n<\/div><div class=\"bde-div-1539-109 bde-div\">\n  \n  \n\t\n\n\n\n<div class=\"bde-button-1539-110 bde-button\">\n    \n                        \n                        \n    \n    \n    \n    \n            \n                    \n            \n            \n\n    \n    \n    \n    \n    \n    <a class=\"breakdance-link button-atom button-atom--primary bde-button__button\" href=\"\/en\/products\/\" target=\"_self\" data-type=\"url\"  >\n\n    \n        <span class=\"button-atom__text\">See our offer<\/span>\n\n        \n        \n                <\/a>\n\n    \n\n\n<\/div><div class=\"bde-button-1539-111 bde-button\">\n    \n                        \n                        \n    \n    \n    \n    \n            \n                    \n            \n            \n\n    \n    \n    \n    \n    \n    <a class=\"breakdance-link button-atom button-atom--custom bde-button__button\" href=\"\/en\/contact\/\" target=\"_self\" data-type=\"url\"  >\n\n    \n        <span class=\"button-atom__text\">Send an inquiry<\/span>\n\n        \n        \n                <\/a>\n\n    \n\n\n<\/div>\n<\/div>\n<\/div><div class=\"bde-column-1539-103 bde-column\" data-entrance=\"slideRight\">\n  \n  \n\t\n\n\n\n<img decoding=\"async\" class=\"bde-image2-1539-104 bde-image2\" src=\"https:\/\/radcon.plavipixel.dev\/wp-content\/uploads\/2026\/01\/evan-demicoli-CZSH7Z5eOJo-unsplash-1-scaled.webp\" loading=\"lazy\" srcset=\"https:\/\/radcon.plavipixel.dev\/wp-content\/uploads\/2026\/01\/evan-demicoli-CZSH7Z5eOJo-unsplash-1-scaled.webp 2560w, https:\/\/radcon.plavipixel.dev\/wp-content\/uploads\/2026\/01\/evan-demicoli-CZSH7Z5eOJo-unsplash-1-300x200.webp 300w, https:\/\/radcon.plavipixel.dev\/wp-content\/uploads\/2026\/01\/evan-demicoli-CZSH7Z5eOJo-unsplash-1-1024x683.webp 1024w, https:\/\/radcon.plavipixel.dev\/wp-content\/uploads\/2026\/01\/evan-demicoli-CZSH7Z5eOJo-unsplash-1-768x512.webp 768w, https:\/\/radcon.plavipixel.dev\/wp-content\/uploads\/2026\/01\/evan-demicoli-CZSH7Z5eOJo-unsplash-1-1536x1024.webp 1536w, https:\/\/radcon.plavipixel.dev\/wp-content\/uploads\/2026\/01\/evan-demicoli-CZSH7Z5eOJo-unsplash-1-2048x1365.webp 2048w, https:\/\/radcon.plavipixel.dev\/wp-content\/uploads\/2026\/01\/evan-demicoli-CZSH7Z5eOJo-unsplash-1-18x12.webp 18w\" sizes=\"(max-width: 2560px) 100vw, 2560px\">\n<\/div><\/div><\/div>\n<\/section><section class=\"bde-section-1539-173 bde-section\">\n  \n  \n\t\n\n\n\n<div class=\"section-container\"><div class=\"bde-columns-1539-174 bde-columns\"><div class=\"bde-column-1539-175 bde-column\">\n  \n  \n\t\n\n\n\n<h2 class=\"bde-heading-1539-176 bde-heading\">\nRadcon Croatia\n<\/h2><div class=\"bde-text-1539-177 bde-text\">\nFor more than three decades, we have been providing impenetrable concrete protection through innovation that lasts as long as your structure.\n<\/div>\n<\/div><div class=\"bde-column-1539-178 bde-column\">\n  \n  \n\t\n\n\n\n<div class=\"bde-text-1539-179 bde-text\">\nRadcon Croatia is a leading expert in providing advanced solutions for waterproofing and long-term protection of concrete structures. Unlike classic membranes, our solution becomes part of the building itself, eliminating the need for future renovations and reducing maintenance costs to a minimum.\n<\/div>\n<\/div><\/div><div class=\"bde-columns-1539-180 bde-columns\"><div class=\"bde-column-1539-181 bde-column\">\n  \n  \n\t\n\n\n\n\n<\/div><div class=\"bde-column-1539-182 bde-column\">\n  \n  \n\t\n\n\n\n<div class=\"bde-grid-1539-183 bde-grid\">\n  \n  \n\t\n\n\n\n<div class=\"bde-div-1539-184 bde-div\">\n  \n  \n\t\n\n\n\n<div class=\"bde-div-1539-185 bde-div\">\n  \n  \n\t\n\n\n\n<div class=\"bde-text-1539-186 bde-text\">\n30+\n<\/div><div class=\"bde-icon-1539-187 bde-icon\">\n\n    \n            <div class=\"bde-icon-icon breakdance-icon-atom\" >\n    \n                    <svg xmlns=\"http:\/\/www.w3.org\/2000\/svg\" viewbox=\"0 0 576 512\"><!--! Font Awesome Free 6.5.1 by @fontawesome - https:\/\/fontawesome.com License - https:\/\/fontawesome.com\/license\/free (Icons: CC BY 4.0, Fonts: SIL OFL 1.1, Code: MIT License) Copyright 2023 Fonticons, Inc. --><path d=\"M0 48C0 21.5 21.5 0 48 0H336c26.5 0 48 21.5 48 48V207l-42.4 17H304 272c-8.8 0-16 7.2-16 16v32 24.2V304c0 .9 .1 1.7 .2 2.6c2.3 58.1 24.1 144.8 98.7 201.5c-5.8 2.5-12.2 3.9-18.9 3.9H240V432c0-26.5-21.5-48-48-48s-48 21.5-48 48v80H48c-26.5 0-48-21.5-48-48V48zM80 224c-8.8 0-16 7.2-16 16v32c0 8.8 7.2 16 16 16h32c8.8 0 16-7.2 16-16V240c0-8.8-7.2-16-16-16H80zm80 16v32c0 8.8 7.2 16 16 16h32c8.8 0 16-7.2 16-16V240c0-8.8-7.2-16-16-16H176c-8.8 0-16 7.2-16 16zM64 112v32c0 8.8 7.2 16 16 16h32c8.8 0 16-7.2 16-16V112c0-8.8-7.2-16-16-16H80c-8.8 0-16 7.2-16 16zM176 96c-8.8 0-16 7.2-16 16v32c0 8.8 7.2 16 16 16h32c8.8 0 16-7.2 16-16V112c0-8.8-7.2-16-16-16H176zm80 16v32c0 8.8 7.2 16 16 16h32c8.8 0 16-7.2 16-16V112c0-8.8-7.2-16-16-16H272c-8.8 0-16 7.2-16 16zM423.1 225.7c5.7-2.3 12.1-2.3 17.8 0l120 48C570 277.4 576 286.2 576 296c0 63.3-25.9 168.8-134.8 214.2c-5.9 2.5-12.6 2.5-18.5 0C313.9 464.8 288 359.3 288 296c0-9.8 6-18.6 15.1-22.3l120-48zM527.4 312L432 273.8V461.7c68.2-33 91.5-99 95.4-149.7z\"\/><\/svg>\n        \n        \n        \n            <\/div>\n    \n\n\n<\/div>\n<\/div><div class=\"bde-div-1539-188 bde-div\">\n  \n  \n\t\n\n\n\n<h4 class=\"bde-heading-1539-189 bde-heading\">\nYear of business\n<\/h4><div class=\"bde-text-1539-190 bde-text\">\nMore than three decades of world-leading technology in permanent concrete protection and waterproofing.\n<\/div>\n<\/div>\n<\/div><div class=\"bde-div-1539-191 bde-div\">\n  \n  \n\t\n\n\n\n<div class=\"bde-div-1539-192 bde-div\">\n  \n  \n\t\n\n\n\n<div class=\"bde-text-1539-193 bde-text\">\n250+\n<\/div><div class=\"bde-icon-1539-194 bde-icon\">\n\n    \n            <div class=\"bde-icon-icon breakdance-icon-atom\" >\n    \n                    <svg xmlns=\"http:\/\/www.w3.org\/2000\/svg\" viewbox=\"0 0 384 512\"><!--! Font Awesome Free 6.5.1 by @fontawesome - https:\/\/fontawesome.com License - https:\/\/fontawesome.com\/license\/free (Icons: CC BY 4.0, Fonts: SIL OFL 1.1, Code: MIT License) Copyright 2023 Fonticons, Inc. --><path d=\"M192 0c-41.8 0-77.4 26.7-90.5 64H64C28.7 64 0 92.7 0 128V448c0 35.3 28.7 64 64 64H320c35.3 0 64-28.7 64-64V128c0-35.3-28.7-64-64-64H282.5C269.4 26.7 233.8 0 192 0zm0 64a32 32 0 1 1 0 64 32 32 0 1 1 0-64zM305 273L177 401c-9.4 9.4-24.6 9.4-33.9 0L79 337c-9.4-9.4-9.4-24.6 0-33.9s24.6-9.4 33.9 0l47 47L271 239c9.4-9.4 24.6-9.4 33.9 0s9.4 24.6 0 33.9z\"\/><\/svg>\n        \n        \n        \n            <\/div>\n    \n\n\n<\/div>\n<\/div><div class=\"bde-div-1539-195 bde-div\">\n  \n  \n\t\n\n\n\n<h4 class=\"bde-heading-1539-196 bde-heading\">\nReference objects\n<\/h4><div class=\"bde-text-1539-197 bde-text\">\nSuccessfully implemented projects throughout Croatia, from critical infrastructure to residential buildings.\n<\/div>\n<\/div>\n<\/div><div class=\"bde-div-1539-198 bde-div\">\n  \n  \n\t\n\n\n\n<div class=\"bde-div-1539-199 bde-div\">\n  \n  \n\t\n\n\n\n<div class=\"bde-text-1539-200 bde-text\">\n35K  \n<\/div><div class=\"bde-icon-1539-201 bde-icon\">\n\n    \n            <div class=\"bde-icon-icon breakdance-icon-atom\" >\n    \n                    <svg xmlns=\"http:\/\/www.w3.org\/2000\/svg\" viewbox=\"0 0 448 512\"><!--! Font Awesome Free 6.5.1 by @fontawesome - https:\/\/fontawesome.com License - https:\/\/fontawesome.com\/license\/free (Icons: CC BY 4.0, Fonts: SIL OFL 1.1, Code: MIT License) Copyright 2023 Fonticons, Inc. --><path d=\"M96 152v8H48v-8C48 68.1 116.1 0 200 0h48c83.9 0 152 68.1 152 152v8H352v-8c0-57.4-46.6-104-104-104H200C142.6 48 96 94.6 96 152zM0 224c0-17.7 14.3-32 32-32H416c17.7 0 32 14.3 32 32s-14.3 32-32 32h-5.1L388.5 469c-2.6 24.4-23.2 43-47.7 43H107.2c-24.6 0-45.2-18.5-47.7-43L37.1 256H32c-17.7 0-32-14.3-32-32z\"\/><\/svg>\n        \n        \n        \n            <\/div>\n    \n\n\n<\/div>\n<\/div><div class=\"bde-div-1539-202 bde-div\">\n  \n  \n\t\n\n\n\n<h4 class=\"bde-heading-1539-203 bde-heading\">\nm\u00b2 of protected concrete\n<\/h4><div class=\"bde-text-1539-204 bde-text\">\nThousands of square meters of concrete structures permanently secured against water penetration and corrosion.\n<\/div>\n<\/div>\n<\/div><div class=\"bde-div-1539-205 bde-div\">\n  \n  \n\t\n\n\n\n<div class=\"bde-div-1539-206 bde-div\">\n  \n  \n\t\n\n\n\n<div class=\"bde-text-1539-207 bde-text\">\n5K+\n<\/div><div class=\"bde-icon-1539-208 bde-icon\">\n\n    \n            <div class=\"bde-icon-icon breakdance-icon-atom\" >\n    \n                    <svg xmlns=\"http:\/\/www.w3.org\/2000\/svg\" viewbox=\"0 0 512 512\"><!--! Font Awesome Free 6.5.1 by @fontawesome - https:\/\/fontawesome.com License - https:\/\/fontawesome.com\/license\/free (Icons: CC BY 4.0, Fonts: SIL OFL 1.1, Code: MIT License) Copyright 2023 Fonticons, Inc. --><path d=\"M352 256c0 22.2-1.2 43.6-3.3 64H163.3c-2.2-20.4-3.3-41.8-3.3-64s1.2-43.6 3.3-64H348.7c2.2 20.4 3.3 41.8 3.3 64zm28.8-64H503.9c5.3 20.5 8.1 41.9 8.1 64s-2.8 43.5-8.1 64H380.8c2.1-20.6 3.2-42 3.2-64s-1.1-43.4-3.2-64zm112.6-32H376.7c-10-63.9-29.8-117.4-55.3-151.6c78.3 20.7 142 77.5 171.9 151.6zm-149.1 0H167.7c6.1-36.4 15.5-68.6 27-94.7c10.5-23.6 22.2-40.7 33.5-51.5C239.4 3.2 248.7 0 256 0s16.6 3.2 27.8 13.8c11.3 10.8 23 27.9 33.5 51.5c11.6 26 20.9 58.2 27 94.7zm-209 0H18.6C48.6 85.9 112.2 29.1 190.6 8.4C165.1 42.6 145.3 96.1 135.3 160zM8.1 192H131.2c-2.1 20.6-3.2 42-3.2 64s1.1 43.4 3.2 64H8.1C2.8 299.5 0 278.1 0 256s2.8-43.5 8.1-64zM194.7 446.6c-11.6-26-20.9-58.2-27-94.6H344.3c-6.1 36.4-15.5 68.6-27 94.6c-10.5 23.6-22.2 40.7-33.5 51.5C272.6 508.8 263.3 512 256 512s-16.6-3.2-27.8-13.8c-11.3-10.8-23-27.9-33.5-51.5zM135.3 352c10 63.9 29.8 117.4 55.3 151.6C112.2 482.9 48.6 426.1 18.6 352H135.3zm358.1 0c-30 74.1-93.6 130.9-171.9 151.6c25.5-34.2 45.2-87.7 55.3-151.6H493.4z\"\/><\/svg>\n        \n        \n        \n            <\/div>\n    \n\n\n<\/div>\n<\/div><div class=\"bde-div-1539-209 bde-div\">\n  \n  \n\t\n\n\n\n<h4 class=\"bde-heading-1539-210 bde-heading\">\nSatisfied clients\n<\/h4><div class=\"bde-text-1539-211 bde-text\">\nRadcon Formula #7 protects millions of square meters of the most demanding structures around the world.\n<\/div>\n<\/div>\n<\/div>\n<\/div>\n<\/div><\/div><\/div>\n<\/section><section class=\"bde-section-1539-113 bde-section\">\n              \n  \n  \n\t\n\n  <div class=\"section-background-overlay\"><\/div>\n\n\n<div class=\"section-container\"><div class=\"bde-columns-1539-114 bde-columns\"><div class=\"bde-column-1539-115 bde-column\">\n  \n  \n\t\n\n\n\n<div class=\"bde-text-1539-116 bde-text\">\nProven solutions for demanding construction conditions.\n<\/div>\n<\/div><div class=\"bde-column-1539-118 bde-column\">\n  \n  \n\t\n\n\n\n<div class=\"bde-div-1539-142 bde-div\">\n  \n  \n\t\n\n\n\n<h5 class=\"bde-heading-1539-144 bde-heading\">\nA trusted partner for more than 20 companies\n<\/h5><p class=\"bde-text-1539-119 bde-text\">\nRADCON Croatia doo is a company that specializes in the sale, installation and supervision of waterproofing materials that are unique in their ease of application, efficiency and durability in protecting against moisture. We would like to point out that these are proven technologies that are appreciated worldwide after decades of practical application in representative buildings and locations. The products are covered by examinations and testing by leading laboratories from Australia, the USA and Europe.\n<\/p><p class=\"bde-text-1539-120 bde-text\">\nThe motto of our business is to find practical and affordable solutions for you in different phases of construction. Over time, the demand for different materials and solutions has also changed.\n<\/p>\n<\/div>\n<\/div><\/div><\/div>\n<\/section><section class=\"bde-section-1539-145 bde-section\">\n  \n  \n\t\n\n\n\n<div class=\"section-container\"><h2 class=\"bde-heading-1539-146 bde-heading\">\nWhy clients trust us\n<\/h2><div class=\"bde-grid-1539-147 bde-grid\">\n  \n  \n\t\n\n\n\n<div class=\"bde-div-1539-148 bde-div\">\n  \n  \n\t\n\n\n\n<div class=\"bde-div-1539-149 bde-div\">\n  \n  \n\t\n\n\n\n<div class=\"bde-icon-1539-150 bde-icon\">\n\n    \n            <div class=\"bde-icon-icon breakdance-icon-atom\" >\n    \n                    <svg xmlns=\"http:\/\/www.w3.org\/2000\/svg\" id=\"icon-leaf\" viewbox=\"0 0 32 32\">\n<path d=\"M31.604 4.203c-3.461-2.623-8.787-4.189-14.247-4.189-6.754 0-12.257 2.358-15.099 6.469-1.335 1.931-2.073 4.217-2.194 6.796-0.108 2.296 0.278 4.835 1.146 7.567 2.965-8.887 11.244-15.847 20.79-15.847 0 0-8.932 2.351-14.548 9.631-0.003 0.004-0.078 0.097-0.207 0.272-1.128 1.509-2.111 3.224-2.846 5.166-1.246 2.963-2.4 7.030-2.4 11.931h4c0 0-0.607-3.819 0.449-8.212 1.747 0.236 3.308 0.353 4.714 0.353 3.677 0 6.293-0.796 8.231-2.504 1.736-1.531 2.694-3.587 3.707-5.764 1.548-3.325 3.302-7.094 8.395-10.005 0.292-0.167 0.48-0.468 0.502-0.804s-0.126-0.659-0.394-0.862z\"\/>\n<\/svg>\n        \n        \n        \n            <\/div>\n    \n\n\n<\/div><h4 class=\"bde-heading-1539-151 bde-heading\">\nEcologically approved\n<\/h4>\n<\/div><div class=\"bde-text-1539-152 bde-text\">\nMaterial without negative impact on the environment and natural systems.\n<\/div>\n<\/div><div class=\"bde-div-1539-153 bde-div\">\n  \n  \n\t\n\n\n\n<div class=\"bde-div-1539-154 bde-div\">\n  \n  \n\t\n\n\n\n<div class=\"bde-icon-1539-155 bde-icon\">\n\n    \n            <div class=\"bde-icon-icon breakdance-icon-atom\" >\n    \n                    <svg xmlns=\"http:\/\/www.w3.org\/2000\/svg\" viewbox=\"0 0 512 512\"><!--! Font Awesome Free 6.5.1 by @fontawesome - https:\/\/fontawesome.com License - https:\/\/fontawesome.com\/license\/free (Icons: CC BY 4.0, Fonts: SIL OFL 1.1, Code: MIT License) Copyright 2023 Fonticons, Inc. --><path d=\"M256 512A256 256 0 1 0 256 0a256 256 0 1 0 0 512zM369 209L241 337c-9.4 9.4-24.6 9.4-33.9 0l-64-64c-9.4-9.4-9.4-24.6 0-33.9s24.6-9.4 33.9 0l47 47L335 175c9.4-9.4 24.6-9.4 33.9 0s9.4 24.6 0 33.9z\"\/><\/svg>\n        \n        \n        \n            <\/div>\n    \n\n\n<\/div><h4 class=\"bde-heading-1539-156 bde-heading\">\nProven quality\n<\/h4>\n<\/div><div class=\"bde-text-1539-157 bde-text\">\nSolutions confirmed by many years of application in construction practice.\n<\/div>\n<\/div><div class=\"bde-div-1539-158 bde-div\">\n  \n  \n\t\n\n\n\n<div class=\"bde-div-1539-159 bde-div\">\n  \n  \n\t\n\n\n\n<div class=\"bde-icon-1539-160 bde-icon\">\n\n    \n            <div class=\"bde-icon-icon breakdance-icon-atom\" >\n    \n                    <svg xmlns=\"http:\/\/www.w3.org\/2000\/svg\" id=\"icon-leaf\" viewbox=\"0 0 32 32\">\n<path d=\"M31.604 4.203c-3.461-2.623-8.787-4.189-14.247-4.189-6.754 0-12.257 2.358-15.099 6.469-1.335 1.931-2.073 4.217-2.194 6.796-0.108 2.296 0.278 4.835 1.146 7.567 2.965-8.887 11.244-15.847 20.79-15.847 0 0-8.932 2.351-14.548 9.631-0.003 0.004-0.078 0.097-0.207 0.272-1.128 1.509-2.111 3.224-2.846 5.166-1.246 2.963-2.4 7.030-2.4 11.931h4c0 0-0.607-3.819 0.449-8.212 1.747 0.236 3.308 0.353 4.714 0.353 3.677 0 6.293-0.796 8.231-2.504 1.736-1.531 2.694-3.587 3.707-5.764 1.548-3.325 3.302-7.094 8.395-10.005 0.292-0.167 0.48-0.468 0.502-0.804s-0.126-0.659-0.394-0.862z\"\/>\n<\/svg>\n        \n        \n        \n            <\/div>\n    \n\n\n<\/div><h4 class=\"bde-heading-1539-161 bde-heading\">\nPermanent waterproofing\n<\/h4>\n<\/div><div class=\"bde-text-1539-162 bde-text\">\nLifetime protection of concrete against water and moisture penetration, without the need for renewal.\n<\/div>\n<\/div>\n<\/div><\/div>\n<\/section><div class=\"bde-globalblock-1539-172 bde-globalblock\"><section class=\"bde-section-2061-100-2061-1 bde-section bde-section-2061-100\">\n  \n  \n\t\n\n\n\n<div class=\"section-container\"><div class=\"bde-columns-2061-101-2061-1 bde-columns bde-columns-2061-101\"><div class=\"bde-column-2061-102-2061-1 bde-column bde-column-2061-102\">\n  \n  \n\t\n\n\n\n<div class=\"bde-div-2061-103-2061-1 bde-div bde-div-2061-103\">\n  \n  \n\t\n\n\n\n<h2 class=\"bde-heading-2061-104-2061-1 bde-heading bde-heading-2061-104\">\nAre you looking for a permanent and safe solution for concrete protection?\n<\/h2><div class=\"bde-rich-text-2061-105-2061-1 bde-rich-text bde-rich-text-2061-105 breakdance-rich-text-styles\">\n<ul>\n<li>Permanent concrete protection without compromise.<\/li>\n<li>A fast, safe and long-lasting solution.<\/li>\n<li>No maintenance. No risk.<\/li>\n<\/ul>\n<\/div>\n<\/div><div class=\"bde-button-2061-106-2061-1 bde-button bde-button-2061-106\">\n    \n                                    \n    \n    \n    \n    \n            \n                    \n            \n            \n\n    \n    \n    \n    \n    \n    <a class=\"breakdance-link button-atom button-atom--primary bde-button__button\" href=\"\/en\/contact\/\" target=\"_self\" data-type=\"url\"  >\n\n    \n        <span class=\"button-atom__text\">Send an inquiry<\/span>\n\n        \n        \n                <\/a>\n\n    \n\n\n<\/div>\n<\/div><div class=\"bde-column-2061-107-2061-1 bde-column bde-column-2061-107\">\n  \n  \n\t\n\n\n\n\n<\/div><\/div><\/div>\n<\/section><\/div>","protected":false},"excerpt":{"rendered":"<p>O nama Specijalizirani smo za hidroizolaciju i za\u0161titu betona kroz provjerena, dugotrajna rje\u0161enja. Projektantima i izvo\u0111a\u010dima pru\u017eamo tehni\u010dku podr\u0161ku i sigurnost u svakoj fazi projekta. Pogledajte na\u0161u ponudu Po\u0161aljite upit Radcon Croatia Vi\u0161e od tri desetlje\u0107a osiguravamo neprobojnu za\u0161titu betona kroz inovaciju koja traje onoliko koliko i va\u0161a konstrukcija. Radcon Hrvatska je vode\u0107i stru\u010dnjak u [&hellip;]<\/p>\n","protected":false},"author":1,"featured_media":0,"parent":0,"menu_order":0,"comment_status":"closed","ping_status":"closed","template":"","meta":{"_acf_changed":false,"_breakdance_hide_in_design_set":false,"_breakdance_tags":"","footnotes":""},"class_list":["post-1539","page","type-page","status-publish","hentry"],"acf":[],"_links":{"self":[{"href":"https:\/\/radcon.plavipixel.dev\/en\/wp-json\/wp\/v2\/pages\/1539","targetHints":{"allow":["GET"]}}],"collection":[{"href":"https:\/\/radcon.plavipixel.dev\/en\/wp-json\/wp\/v2\/pages"}],"about":[{"href":"https:\/\/radcon.plavipixel.dev\/en\/wp-json\/wp\/v2\/types\/page"}],"author":[{"embeddable":true,"href":"https:\/\/radcon.plavipixel.dev\/en\/wp-json\/wp\/v2\/users\/1"}],"replies":[{"embeddable":true,"href":"https:\/\/radcon.plavipixel.dev\/en\/wp-json\/wp\/v2\/comments?post=1539"}],"version-history":[{"count":29,"href":"https:\/\/radcon.plavipixel.dev\/en\/wp-json\/wp\/v2\/pages\/1539\/revisions"}],"predecessor-version":[{"id":2441,"href":"https:\/\/radcon.plavipixel.dev\/en\/wp-json\/wp\/v2\/pages\/1539\/revisions\/2441"}],"wp:attachment":[{"href":"https:\/\/radcon.plavipixel.dev\/en\/wp-json\/wp\/v2\/media?parent=1539"}],"curies":[{"name":"wp","href":"https:\/\/api.w.org\/{rel}","templated":true}]}}